{"id":104811,"date":"2026-04-13T02:16:22","date_gmt":"2026-04-13T02:16:22","guid":{"rendered":"https:\/\/sagg.ar\/congresosagg2026\/?page_id=104811"},"modified":"2026-04-17T01:15:37","modified_gmt":"2026-04-17T01:15:37","slug":"contacto","status":"publish","type":"page","link":"https:\/\/sagg.ar\/congresosagg2026\/contacto\/","title":{"rendered":"Contacto"},"content":{"rendered":"<p>[et_pb_section fb_built=\u00bb1&#8243; next_background_color=\u00bb#78a8a3&#8243; admin_label=\u00bbtitular\u00bb _builder_version=\u00bb4.27.5&#8243; _module_preset=\u00bbdefault\u00bb background_color=\u00bb#2f605d\u00bb custom_margin=\u00bb||||false|false\u00bb custom_padding=\u00bb6%||21px||false|false\u00bb bottom_divider_style=\u00bbcurve\u00bb hover_enabled=\u00bb0&#8243; global_colors_info=\u00bb{}\u00bb bottom_divider_height_last_edited=\u00bbon|phone\u00bb sticky_enabled=\u00bb0&#8243; bottom_divider_height_phone=\u00bb30px\u00bb][et_pb_row _builder_version=\u00bb4.27.5&#8243; _module_preset=\u00bbdefault\u00bb custom_margin=\u00bb|auto|48px|auto||\u00bb global_colors_info=\u00bb{}\u00bb][et_pb_column type=\u00bb4_4&#8243; _builder_version=\u00bb4.27.5&#8243; _module_preset=\u00bbdefault\u00bb global_colors_info=\u00bb{}\u00bb][et_pb_text _builder_version=\u00bb4.27.5&#8243; _module_preset=\u00bbdefault\u00bb header_font=\u00bbPlus Jakarta Sans|700|||||||\u00bb header_text_align=\u00bbcenter\u00bb header_text_color=\u00bb#FFFFFF\u00bb header_font_size=\u00bb5em\u00bb header_line_height=\u00bb1.1em\u00bb custom_margin=\u00bb39px||11px|||\u00bb hover_enabled=\u00bb0&#8243; global_colors_info=\u00bb{}\u00bb header_font_size_last_edited=\u00bbon|phone\u00bb header_font_size_phone=\u00bb3em\u00bb custom_margin_last_edited=\u00bbon|phone\u00bb custom_margin_phone=\u00bb150px||11px||false|false\u00bb sticky_enabled=\u00bb0&#8243; header_font_size_tablet=\u00bb5em\u00bb custom_margin_tablet=\u00bb39px||11px|||\u00bb]<\/p>\n<h1>Contacto<\/h1>\n<p>[\/et_pb_text][\/et_pb_column][\/et_pb_row][\/et_pb_section][et_pb_section fb_built=\u00bb1&#8243; _builder_version=\u00bb4.27.5&#8243; _module_preset=\u00bbdefault\u00bb background_color=\u00bb#78a8a3&#8243; background_image=\u00bbhttps:\/\/sagg.ar\/congresosagg2026\/wp-content\/uploads\/2026\/04\/back-3.png\u00bb global_colors_info=\u00bb{}\u00bb][et_pb_row column_structure=\u00bb1_2,1_2&#8243; make_equal=\u00bbon\u00bb _builder_version=\u00bb4.27.5&#8243; _module_preset=\u00bbdefault\u00bb background_enable_color=\u00bboff\u00bb max_width=\u00bb100%\u00bb global_colors_info=\u00bb{}\u00bb][et_pb_column type=\u00bb1_2&#8243; _builder_version=\u00bb4.27.5&#8243; _module_preset=\u00bbdefault\u00bb background_color=\u00bb#FFFFFF\u00bb border_radii=\u00bbon|12px|12px|12px|12px\u00bb global_colors_info=\u00bb{}\u00bb][et_pb_text _builder_version=\u00bb4.27.5&#8243; _module_preset=\u00bbdefault\u00bb text_font=\u00bbPlus Jakarta Sans||||||||\u00bb text_text_color=\u00bb#676768&#8243; text_font_size=\u00bb1.6em\u00bb text_line_height=\u00bb1.4em\u00bb text_orientation=\u00bbcenter\u00bb custom_margin=\u00bb5%||5%||true|false\u00bb custom_padding=\u00bb|4%||4%|false|true\u00bb locked=\u00bboff\u00bb global_colors_info=\u00bb{}\u00bb]<\/p>\n<p><b>Dejanos un mensaje para comunicarte con nuestra secretar\u00eda del Congreso<\/b><\/p>\n<p>[\/et_pb_text][dvppl_cf7_styler form_padding=\u00bb0px|0px|35px|0px|false|false\u00bb button_alignment=\u00bbright\u00bb cf7=\u00bb104823&#8243; _builder_version=\u00bb4.27.5&#8243; _module_preset=\u00bbdefault\u00bb custom_submit_button=\u00bbon\u00bb submit_button_text_size=\u00bb1.2em\u00bb submit_button_text_color=\u00bb#FFFFFF\u00bb submit_button_bg_color=\u00bb#78a8a3&#8243; submit_button_border_width=\u00bb0px\u00bb submit_button_border_radius=\u00bb10px\u00bb width=\u00bb85%\u00bb width_tablet=\u00bb85%\u00bb width_phone=\u00bb90%\u00bb width_last_edited=\u00bbon|phone\u00bb module_alignment=\u00bbcenter\u00bb custom_padding=\u00bb15px||||false|false\u00bb border_radii_field=\u00bbon|12px|12px|12px|12px\u00bb locked=\u00bboff\u00bb global_colors_info=\u00bb{}\u00bb][\/dvppl_cf7_styler][\/et_pb_column][et_pb_column type=\u00bb1_2&#8243; _builder_version=\u00bb4.27.5&#8243; _module_preset=\u00bbdefault\u00bb background_color=\u00bb#FFFFFF\u00bb border_radii=\u00bbon|12px|12px|12px|12px\u00bb global_colors_info=\u00bb{}\u00bb][et_pb_text _builder_version=\u00bb4.27.5&#8243; _module_preset=\u00bbdefault\u00bb text_font=\u00bbPlus Jakarta Sans||||||||\u00bb text_text_color=\u00bb#676768&#8243; text_font_size=\u00bb1.6em\u00bb text_line_height=\u00bb1.4em\u00bb text_orientation=\u00bbcenter\u00bb custom_margin=\u00bb5%||5%||true|false\u00bb custom_padding=\u00bb|4%||4%|false|true\u00bb locked=\u00bboff\u00bb global_colors_info=\u00bb{}\u00bb]<\/p>\n<p><b>Dejanos un mensaje para comunicarte sobre los Trabajos Cient\u00edficos del Congreso\u00a0<\/b><\/p>\n<p>[\/et_pb_text][dvppl_cf7_styler form_padding=\u00bb0px|0px|35px|0px|false|false\u00bb button_alignment=\u00bbright\u00bb cf7=\u00bb104930&#8243; _builder_version=\u00bb4.27.5&#8243; _module_preset=\u00bbdefault\u00bb custom_submit_button=\u00bbon\u00bb submit_button_text_size=\u00bb1.2em\u00bb submit_button_text_color=\u00bb#FFFFFF\u00bb submit_button_bg_color=\u00bb#78a8a3&#8243; submit_button_border_width=\u00bb0px\u00bb submit_button_border_radius=\u00bb10px\u00bb width=\u00bb85%\u00bb width_tablet=\u00bb85%\u00bb width_phone=\u00bb90%\u00bb width_last_edited=\u00bbon|phone\u00bb module_alignment=\u00bbcenter\u00bb custom_padding=\u00bb15px||||false|false\u00bb border_radii_field=\u00bbon|12px|12px|12px|12px\u00bb locked=\u00bboff\u00bb global_colors_info=\u00bb{}\u00bb][\/dvppl_cf7_styler][\/et_pb_column][\/et_pb_row][\/et_pb_section][et_pb_section fb_built=\u00bb1&#8243; _builder_version=\u00bb4.27.5&#8243; _module_preset=\u00bb_initial\u00bb background_image=\u00bbhttps:\/\/sagg.ar\/congresosagg2026\/wp-content\/uploads\/2026\/04\/mdq-scaled.webp\u00bb parallax=\u00bbon\u00bb custom_padding=\u00bb113px||143px|||\u00bb collapsed=\u00bbon\u00bb global_colors_info=\u00bb{}\u00bb][et_pb_row _builder_version=\u00bb4.27.5&#8243; _module_preset=\u00bbdefault\u00bb global_colors_info=\u00bb{}\u00bb][et_pb_column type=\u00bb4_4&#8243; _builder_version=\u00bb4.27.5&#8243; _module_preset=\u00bb_initial\u00bb background_color=\u00bb#2f605d\u00bb custom_padding=\u00bb60px|60px|60px|60px|true|true\u00bb custom_padding_tablet=\u00bb30px|30px|30px|30px|true|true\u00bb custom_padding_phone=\u00bb20px|20px|20px|20px|true|true\u00bb custom_padding_last_edited=\u00bbon|tablet\u00bb border_radii=\u00bbon|30px|30px|30px|30px\u00bb global_colors_info=\u00bb{}\u00bb][et_pb_heading title=\u00bb\u00bfQuer\u00e9s ser Patrocinante del XXII Congreso Argentino de Gerontolog\u00eda y Geriatr\u00eda?\u00bb _builder_version=\u00bb4.27.5&#8243; _module_preset=\u00bb_initial\u00bb title_level=\u00bbh3&#8243; title_font=\u00bbUrbanist||||||||\u00bb title_text_align=\u00bbcenter\u00bb title_text_color=\u00bb#FFFFFF\u00bb title_font_size=\u00bb36px\u00bb title_line_height=\u00bb1.2em\u00bb custom_margin=\u00bb||10px||false|false\u00bb title_font_size_tablet=\u00bb24px\u00bb title_font_size_phone=\u00bb18px\u00bb title_font_size_last_edited=\u00bbon|desktop\u00bb global_colors_info=\u00bb{}\u00bb][\/et_pb_heading][dvppl_cf7_styler button_alignment=\u00bbright\u00bb cf7=\u00bb104828&#8243; _builder_version=\u00bb4.27.5&#8243; _module_preset=\u00bbdefault\u00bb labels_text_color=\u00bb#FFFFFF\u00bb custom_submit_button=\u00bbon\u00bb submit_button_text_size=\u00bb1.2em\u00bb submit_button_text_color=\u00bb#FFFFFF\u00bb submit_button_bg_color=\u00bb#78a8a3&#8243; submit_button_border_width=\u00bb0px\u00bb submit_button_border_radius=\u00bb10px\u00bb width=\u00bb85%\u00bb width_tablet=\u00bb85%\u00bb width_phone=\u00bb90%\u00bb width_last_edited=\u00bbon|phone\u00bb module_alignment=\u00bbcenter\u00bb custom_padding=\u00bb15px||35px||false|false\u00bb border_radii_field=\u00bbon|12px|12px|12px|12px\u00bb locked=\u00bboff\u00bb global_colors_info=\u00bb{}\u00bb][\/dvppl_cf7_styler][\/et_pb_column][\/et_pb_row][\/et_pb_section]<\/p>\n","protected":false},"excerpt":{"rendered":"<p>ContactoDejanos un mensaje para comunicarte con nuestra secretar\u00eda del Congreso<div class=\"et_pb_module dvppl_cf7_styler dvppl_cf7_styler_0\">\n\t\t\t\t\n\t\t\t\t\n\t\t\t\t\n\t\t\t\t\n\t\t\t\t\n\t\t\t\t\n\t\t\t\t<div class=\"et_pb_module_inner\">\n\t\t\t\t\t<div class=\"dipe-cf7-container dipe-cf7-button-right\">\n\t\t\t\t\n\t\t\t\t<div class=\"dipe-cf7 dipe-cf7-styler \">\n\t\t\t\t\t\n<div class=\"wpcf7 no-js\" id=\"wpcf7-f104823-o1\" lang=\"es-ES\" dir=\"ltr\" data-wpcf7-id=\"104823\">\n<div class=\"screen-reader-response\"><p role=\"status\" aria-live=\"polite\" aria-atomic=\"true\"><\/p> <ul><\/ul><\/div>\n<form action=\"\/congresosagg2026\/wp-json\/wp\/v2\/pages\/104811#wpcf7-f104823-o1\" method=\"post\" class=\"wpcf7-form init\" aria-label=\"Formulario de contacto\" novalidate=\"novalidate\" data-status=\"init\">\n<fieldset class=\"hidden-fields-container\"><input type=\"hidden\" name=\"_wpcf7\" value=\"104823\" \/><input type=\"hidden\" name=\"_wpcf7_version\" value=\"6.1.5\" \/><input type=\"hidden\" name=\"_wpcf7_locale\" value=\"es_ES\" \/><input type=\"hidden\" name=\"_wpcf7_unit_tag\" value=\"wpcf7-f104823-o1\" \/><input type=\"hidden\" name=\"_wpcf7_container_post\" value=\"0\" \/><input type=\"hidden\" name=\"_wpcf7_posted_data_hash\" value=\"\" \/>\n<\/fieldset>\n<label> Nombre\n    <span class=\"wpcf7-form-control-wrap\" data-name=\"your-name\"><input size=\"40\" maxlength=\"400\" class=\"wpcf7-form-control wpcf7-text wpcf7-validates-as-required\" autocomplete=\"name\" aria-required=\"true\" aria-invalid=\"false\" value=\"\" type=\"text\" name=\"your-name\" \/><\/span> <\/label>\n\n<label> Email\n    <span class=\"wpcf7-form-control-wrap\" data-name=\"your-email\"><input size=\"40\" maxlength=\"400\" class=\"wpcf7-form-control wpcf7-email wpcf7-validates-as-required wpcf7-text wpcf7-validates-as-email\" autocomplete=\"email\" aria-required=\"true\" aria-invalid=\"false\" value=\"\" type=\"email\" name=\"your-email\" \/><\/span> <\/label>\n\n<label> Celular\n<span class=\"wpcf7-form-control-wrap\" data-name=\"celular\"><input size=\"40\" maxlength=\"400\" class=\"wpcf7-form-control wpcf7-tel wpcf7-validates-as-required wpcf7-text wpcf7-validates-as-tel\" autocomplete=\"tel\" aria-required=\"true\" aria-invalid=\"false\" value=\"\" type=\"tel\" name=\"celular\" \/><\/span>\n<\/label>\n\n<label> Tu mensaje (opcional)\n<span class=\"wpcf7-form-control-wrap\" data-name=\"your-message\"><textarea cols=\"40\" rows=\"10\" maxlength=\"2000\" class=\"wpcf7-form-control wpcf7-textarea\" aria-invalid=\"false\" name=\"your-message\"><\/textarea><\/span> \n<\/label>\n\n<input class=\"wpcf7-form-control wpcf7-submit has-spinner\" type=\"submit\" value=\"Enviar\" \/><div class=\"wpcf7-response-output\" aria-hidden=\"true\"><\/div>\n<\/form>\n<\/div>\n\n\t\t\t\t<\/div>\n\t\t\t<\/div>\n\t\t\t\t<\/div>\n\t\t\t<\/div>Dejanos un mensaje para comunicarte sobre los Trabajos Cient\u00edficos del Congreso\u00a0<div class=\"et_pb_module dvppl_cf7_styler dvppl_cf7_styler_1\">\n\t\t\t\t\n\t\t\t\t\n\t\t\t\t\n\t\t\t\t\n\t\t\t\t\n\t\t\t\t\n\t\t\t\t<div class=\"et_pb_module_inner\">\n\t\t\t\t\t<div class=\"dipe-cf7-container dipe-cf7-button-\u00bbright\u00bb\">\n\t\t\t\t\n\t\t\t\t<div class=\"dipe-cf7 dipe-cf7-styler \">\n\t\t\t\t\t<p class=\"wpcf7-contact-form-not-found\"><strong>Error:<\/strong> Formulario de contacto no encontrado.<\/p>\n\t\t\t\t<\/div>\n\t\t\t<\/div>\n\t\t\t\t<\/div>\n\t\t\t<\/div><\/p>\n","protected":false},"author":2,"featured_media":0,"parent":0,"menu_order":0,"comment_status":"closed","ping_status":"closed","template":"","meta":{"_et_pb_use_builder":"on","_et_pb_old_content":"","_et_gb_content_width":"","inline_featured_image":false,"footnotes":""},"class_list":["post-104811","page","type-page","status-publish","hentry"],"_links":{"self":[{"href":"https:\/\/sagg.ar\/congresosagg2026\/wp-json\/wp\/v2\/pages\/104811","targetHints":{"allow":["GET"]}}],"collection":[{"href":"https:\/\/sagg.ar\/congresosagg2026\/wp-json\/wp\/v2\/pages"}],"about":[{"href":"https:\/\/sagg.ar\/congresosagg2026\/wp-json\/wp\/v2\/types\/page"}],"author":[{"embeddable":true,"href":"https:\/\/sagg.ar\/congresosagg2026\/wp-json\/wp\/v2\/users\/2"}],"replies":[{"embeddable":true,"href":"https:\/\/sagg.ar\/congresosagg2026\/wp-json\/wp\/v2\/comments?post=104811"}],"version-history":[{"count":20,"href":"https:\/\/sagg.ar\/congresosagg2026\/wp-json\/wp\/v2\/pages\/104811\/revisions"}],"predecessor-version":[{"id":104974,"href":"https:\/\/sagg.ar\/congresosagg2026\/wp-json\/wp\/v2\/pages\/104811\/revisions\/104974"}],"wp:attachment":[{"href":"https:\/\/sagg.ar\/congresosagg2026\/wp-json\/wp\/v2\/media?parent=104811"}],"curies":[{"name":"wp","href":"https:\/\/api.w.org\/{rel}","templated":true}]}}