{"id":104768,"date":"2026-04-09T13:51:39","date_gmt":"2026-04-09T13:51:39","guid":{"rendered":"https:\/\/sagg.ar\/congresosagg2026\/?page_id=104768"},"modified":"2026-04-16T17:53:42","modified_gmt":"2026-04-16T17:53:42","slug":"fechas-importantes","status":"publish","type":"page","link":"https:\/\/sagg.ar\/congresosagg2026\/fechas-importantes\/","title":{"rendered":"Fechas Importantes"},"content":{"rendered":"<p>[et_pb_section fb_built=\u00bb1&#8243; next_background_color=\u00bb#78a8a3&#8243; admin_label=\u00bbtitular\u00bb _builder_version=\u00bb4.27.5&#8243; _module_preset=\u00bbdefault\u00bb background_color=\u00bb#2f605d\u00bb custom_margin=\u00bb||||false|false\u00bb custom_padding=\u00bb6%||21px||false|false\u00bb bottom_divider_style=\u00bbcurve\u00bb bottom_divider_height_tablet=\u00bb\u00bb bottom_divider_height_phone=\u00bb30px\u00bb bottom_divider_height_last_edited=\u00bbon|phone\u00bb global_colors_info=\u00bb{}\u00bb][et_pb_row _builder_version=\u00bb4.27.5&#8243; _module_preset=\u00bbdefault\u00bb custom_margin=\u00bb|auto|48px|auto||\u00bb global_colors_info=\u00bb{}\u00bb][et_pb_column type=\u00bb4_4&#8243; _builder_version=\u00bb4.27.5&#8243; _module_preset=\u00bbdefault\u00bb global_colors_info=\u00bb{}\u00bb][et_pb_text _builder_version=\u00bb4.27.5&#8243; _module_preset=\u00bbdefault\u00bb header_font=\u00bbPlus Jakarta Sans|700|||||||\u00bb header_text_align=\u00bbcenter\u00bb header_text_color=\u00bb#FFFFFF\u00bb header_font_size=\u00bb5em\u00bb header_line_height=\u00bb1.1em\u00bb custom_margin=\u00bb39px||11px|||\u00bb hover_enabled=\u00bb0&#8243; header_font_size_tablet=\u00bb5em\u00bb header_font_size_phone=\u00bb3em\u00bb header_font_size_last_edited=\u00bbon|phone\u00bb global_colors_info=\u00bb{}\u00bb custom_margin_last_edited=\u00bbon|phone\u00bb sticky_enabled=\u00bb0&#8243; custom_margin_phone=\u00bb150px||||false|false\u00bb custom_margin_tablet=\u00bb39px||11px|||\u00bb]<\/p>\n<h1>Fechas Importantes<\/h1>\n<p>[\/et_pb_text][\/et_pb_column][\/et_pb_row][\/et_pb_section][et_pb_section fb_built=\u00bb1&#8243; _builder_version=\u00bb4.27.5&#8243; _module_preset=\u00bbdefault\u00bb background_color=\u00bb#78a8a3&#8243; custom_padding=\u00bb61px||40px|||\u00bb global_colors_info=\u00bb{}\u00bb][et_pb_row _builder_version=\u00bb4.27.5&#8243; _module_preset=\u00bbdefault\u00bb background_color=\u00bb#2f605d\u00bb custom_margin=\u00bb1%||1%||true|false\u00bb border_radii=\u00bbon|12px|12px|12px|12px\u00bb global_colors_info=\u00bb{}\u00bb][et_pb_column type=\u00bb4_4&#8243; _builder_version=\u00bb4.27.5&#8243; _module_preset=\u00bbdefault\u00bb global_colors_info=\u00bb{}\u00bb][et_pb_text _builder_version=\u00bb4.27.5&#8243; _module_preset=\u00bbdefault\u00bb header_font=\u00bbPlus Jakarta Sans|700|||||||\u00bb header_text_align=\u00bbcenter\u00bb header_text_color=\u00bb#809572&#8243; header_font_size=\u00bb5em\u00bb header_2_font=\u00bbPlus Jakarta Sans|300|||||||\u00bb header_2_text_align=\u00bbcenter\u00bb header_2_text_color=\u00bb#FFFFFF\u00bb header_2_font_size=\u00bb2.6em\u00bb header_2_line_height=\u00bb1.2em\u00bb custom_margin=\u00bb||8px|||\u00bb global_colors_info=\u00bb{}\u00bb]<\/p>\n<h2>Inscripci\u00f3n temprana<\/h2>\n<p>[\/et_pb_text][et_pb_text _builder_version=\u00bb4.27.5&#8243; _module_preset=\u00bbdefault\u00bb header_font=\u00bbPlus Jakarta Sans|700|||||||\u00bb header_text_align=\u00bbcenter\u00bb header_text_color=\u00bb#809572&#8243; header_font_size=\u00bb5em\u00bb header_2_font=\u00bbPlus Jakarta Sans|300|||||||\u00bb header_2_text_align=\u00bbcenter\u00bb header_2_text_color=\u00bb#FFFFFF\u00bb header_2_font_size=\u00bb2.6em\u00bb header_2_line_height=\u00bb1.2em\u00bb header_3_font=\u00bbPlus Jakarta Sans||||||||\u00bb header_3_text_align=\u00bbcenter\u00bb header_3_text_color=\u00bb#FFFFFF\u00bb custom_padding=\u00bb|5%||5%|false|true\u00bb global_colors_info=\u00bb{}\u00bb]<\/p>\n<h3>Desde el 1 de Abril hasta el 30 de Junio<\/h3>\n<p>[\/et_pb_text][\/et_pb_column][\/et_pb_row][et_pb_row _builder_version=\u00bb4.27.5&#8243; _module_preset=\u00bbdefault\u00bb background_color=\u00bb#2f605d\u00bb custom_margin=\u00bb1%||1%||true|false\u00bb border_radii=\u00bbon|12px|12px|12px|12px\u00bb global_colors_info=\u00bb{}\u00bb][et_pb_column type=\u00bb4_4&#8243; _builder_version=\u00bb4.27.5&#8243; _module_preset=\u00bbdefault\u00bb global_colors_info=\u00bb{}\u00bb][et_pb_text _builder_version=\u00bb4.27.5&#8243; _module_preset=\u00bbdefault\u00bb header_font=\u00bbPlus Jakarta Sans|700|||||||\u00bb header_text_align=\u00bbcenter\u00bb header_text_color=\u00bb#809572&#8243; header_font_size=\u00bb5em\u00bb header_2_font=\u00bbPlus Jakarta Sans|300|||||||\u00bb header_2_text_align=\u00bbcenter\u00bb header_2_text_color=\u00bb#FFFFFF\u00bb header_2_font_size=\u00bb2.6em\u00bb header_2_line_height=\u00bb1.2em\u00bb custom_margin=\u00bb||8px|||\u00bb global_colors_info=\u00bb{}\u00bb]<\/p>\n<h2>Inscripci\u00f3n pr\u00f3xima al Congreso<\/h2>\n<p>[\/et_pb_text][et_pb_text _builder_version=\u00bb4.27.5&#8243; _module_preset=\u00bbdefault\u00bb header_font=\u00bbPlus Jakarta Sans|700|||||||\u00bb header_text_align=\u00bbcenter\u00bb header_text_color=\u00bb#809572&#8243; header_font_size=\u00bb5em\u00bb header_2_font=\u00bbPlus Jakarta Sans|300|||||||\u00bb header_2_text_align=\u00bbcenter\u00bb header_2_text_color=\u00bb#FFFFFF\u00bb header_2_font_size=\u00bb2.6em\u00bb header_2_line_height=\u00bb1.2em\u00bb header_3_font=\u00bbPlus Jakarta Sans||||||||\u00bb header_3_text_align=\u00bbcenter\u00bb header_3_text_color=\u00bb#FFFFFF\u00bb custom_padding=\u00bb|5%||5%|false|true\u00bb global_colors_info=\u00bb{}\u00bb]<\/p>\n<h3>Desde el 1 de Julio hasta el 23 de Agosto<\/h3>\n<p>[\/et_pb_text][\/et_pb_column][\/et_pb_row][et_pb_row _builder_version=\u00bb4.27.5&#8243; _module_preset=\u00bbdefault\u00bb background_color=\u00bb#2f605d\u00bb custom_margin=\u00bb1%||1%||true|false\u00bb border_radii=\u00bbon|12px|12px|12px|12px\u00bb global_colors_info=\u00bb{}\u00bb][et_pb_column type=\u00bb4_4&#8243; _builder_version=\u00bb4.27.5&#8243; _module_preset=\u00bbdefault\u00bb global_colors_info=\u00bb{}\u00bb][et_pb_text _builder_version=\u00bb4.27.5&#8243; _module_preset=\u00bbdefault\u00bb header_font=\u00bbPlus Jakarta Sans|700|||||||\u00bb header_text_align=\u00bbcenter\u00bb header_text_color=\u00bb#809572&#8243; header_font_size=\u00bb5em\u00bb header_2_font=\u00bbPlus Jakarta Sans|300|||||||\u00bb header_2_text_align=\u00bbcenter\u00bb header_2_text_color=\u00bb#FFFFFF\u00bb header_2_font_size=\u00bb2.6em\u00bb header_2_line_height=\u00bb1.2em\u00bb custom_margin=\u00bb||8px|||\u00bb global_colors_info=\u00bb{}\u00bb]<\/p>\n<h2>Fecha l\u00edmite de recepci\u00f3n de Trabajos Cient\u00edficos<\/h2>\n<p>[\/et_pb_text][et_pb_text _builder_version=\u00bb4.27.5&#8243; _module_preset=\u00bbdefault\u00bb header_font=\u00bbPlus Jakarta Sans|700|||||||\u00bb header_text_align=\u00bbcenter\u00bb header_text_color=\u00bb#809572&#8243; header_font_size=\u00bb5em\u00bb header_2_font=\u00bbPlus Jakarta Sans|300|||||||\u00bb header_2_text_align=\u00bbcenter\u00bb header_2_text_color=\u00bb#FFFFFF\u00bb header_2_font_size=\u00bb2.6em\u00bb header_2_line_height=\u00bb1.2em\u00bb header_3_font=\u00bbPlus Jakarta Sans||||||||\u00bb header_3_text_align=\u00bbcenter\u00bb header_3_text_color=\u00bb#FFFFFF\u00bb global_colors_info=\u00bb{}\u00bb]<\/p>\n<h3>30 de Junio<\/h3>\n<p>[\/et_pb_text][\/et_pb_column][\/et_pb_row][\/et_pb_section]<\/p>\n","protected":false},"excerpt":{"rendered":"<p>Fechas ImportantesInscripci\u00f3n tempranaDesde el 1 de Abril hasta el 30 de JunioInscripci\u00f3n pr\u00f3xima al CongresoDesde el 1 de Julio hasta el 23 de AgostoFecha l\u00edmite de recepci\u00f3n de Trabajos Cient\u00edficos30 de Junio<\/p>\n","protected":false},"author":2,"featured_media":0,"parent":0,"menu_order":0,"comment_status":"closed","ping_status":"closed","template":"","meta":{"_et_pb_use_builder":"on","_et_pb_old_content":"","_et_gb_content_width":"","inline_featured_image":false,"footnotes":""},"class_list":["post-104768","page","type-page","status-publish","hentry"],"_links":{"self":[{"href":"https:\/\/sagg.ar\/congresosagg2026\/wp-json\/wp\/v2\/pages\/104768","targetHints":{"allow":["GET"]}}],"collection":[{"href":"https:\/\/sagg.ar\/congresosagg2026\/wp-json\/wp\/v2\/pages"}],"about":[{"href":"https:\/\/sagg.ar\/congresosagg2026\/wp-json\/wp\/v2\/types\/page"}],"author":[{"embeddable":true,"href":"https:\/\/sagg.ar\/congresosagg2026\/wp-json\/wp\/v2\/users\/2"}],"replies":[{"embeddable":true,"href":"https:\/\/sagg.ar\/congresosagg2026\/wp-json\/wp\/v2\/comments?post=104768"}],"version-history":[{"count":10,"href":"https:\/\/sagg.ar\/congresosagg2026\/wp-json\/wp\/v2\/pages\/104768\/revisions"}],"predecessor-version":[{"id":104972,"href":"https:\/\/sagg.ar\/congresosagg2026\/wp-json\/wp\/v2\/pages\/104768\/revisions\/104972"}],"wp:attachment":[{"href":"https:\/\/sagg.ar\/congresosagg2026\/wp-json\/wp\/v2\/media?parent=104768"}],"curies":[{"name":"wp","href":"https:\/\/api.w.org\/{rel}","templated":true}]}}