{"id":104755,"date":"2026-04-09T13:48:33","date_gmt":"2026-04-09T13:48:33","guid":{"rendered":"https:\/\/sagg.ar\/congresosagg2026\/?page_id=104755"},"modified":"2026-04-16T17:49:16","modified_gmt":"2026-04-16T17:49:16","slug":"trabajos-cientificos","status":"publish","type":"page","link":"https:\/\/sagg.ar\/congresosagg2026\/trabajos-cientificos\/","title":{"rendered":"Trabajos Cient\u00edficos"},"content":{"rendered":"<p>[et_pb_section fb_built=\u00bb1&#8243; next_background_color=\u00bb#abf2cf\u00bb admin_label=\u00bbtitular\u00bb _builder_version=\u00bb4.27.5&#8243; _module_preset=\u00bbdefault\u00bb background_color=\u00bb#2f605d\u00bb custom_margin=\u00bb||||false|false\u00bb custom_padding=\u00bb6%||21px||false|false\u00bb bottom_divider_style=\u00bbcurve\u00bb hover_enabled=\u00bb0&#8243; global_colors_info=\u00bb{}\u00bb sticky_enabled=\u00bb0&#8243; bottom_divider_height_last_edited=\u00bbon|phone\u00bb bottom_divider_height_phone=\u00bb30px\u00bb][et_pb_row _builder_version=\u00bb4.27.5&#8243; _module_preset=\u00bbdefault\u00bb custom_margin=\u00bb|auto|48px|auto||\u00bb global_colors_info=\u00bb{}\u00bb][et_pb_column type=\u00bb4_4&#8243; _builder_version=\u00bb4.27.5&#8243; _module_preset=\u00bbdefault\u00bb global_colors_info=\u00bb{}\u00bb][et_pb_text _builder_version=\u00bb4.27.5&#8243; _module_preset=\u00bbdefault\u00bb header_font=\u00bbPlus Jakarta Sans|700|||||||\u00bb header_text_align=\u00bbcenter\u00bb header_text_color=\u00bb#FFFFFF\u00bb header_font_size=\u00bb5em\u00bb header_line_height=\u00bb1.1em\u00bb custom_margin=\u00bb39px||11px|||\u00bb hover_enabled=\u00bb0&#8243; global_colors_info=\u00bb{}\u00bb header_font_size_last_edited=\u00bbon|phone\u00bb header_font_size_phone=\u00bb3em\u00bb header_font_size_tablet=\u00bb5em\u00bb]<\/p>\n<h1>Trabajos Cient\u00edficos<\/h1>\n<p>[\/et_pb_text][\/et_pb_column][\/et_pb_row][\/et_pb_section][et_pb_section fb_built=\u00bb1&#8243; _builder_version=\u00bb4.27.5&#8243; _module_preset=\u00bbdefault\u00bb background_color=\u00bb#abf2cf\u00bb custom_padding=\u00bb53px||94px|||\u00bb global_colors_info=\u00bb{}\u00bb][et_pb_row use_custom_gutter=\u00bbon\u00bb gutter_width=\u00bb2&#8243; make_equal=\u00bbon\u00bb _builder_version=\u00bb4.27.5&#8243; _module_preset=\u00bbdefault\u00bb custom_margin=\u00bb|auto|26px|auto||\u00bb locked=\u00bboff\u00bb global_colors_info=\u00bb{}\u00bb][et_pb_column type=\u00bb4_4&#8243; _builder_version=\u00bb4.27.5&#8243; _module_preset=\u00bbdefault\u00bb global_colors_info=\u00bb{}\u00bb][et_pb_image src=\u00bbhttps:\/\/sagg.ar\/congresosagg2026\/wp-content\/uploads\/2026\/04\/logosx3-2026.png\u00bb title_text=\u00bblogosx3-2026&#8243; align=\u00bbcenter\u00bb _builder_version=\u00bb4.27.5&#8243; _module_preset=\u00bbdefault\u00bb width=\u00bb100%\u00bb width_tablet=\u00bb62%\u00bb width_phone=\u00bb65%\u00bb width_last_edited=\u00bbon|phone\u00bb custom_margin=\u00bb||43px|||\u00bb locked=\u00bboff\u00bb global_colors_info=\u00bb{}\u00bb][\/et_pb_image][et_pb_text _builder_version=\u00bb4.27.5&#8243; _module_preset=\u00bbdefault\u00bb text_font=\u00bbPlus Jakarta Sans||||||||\u00bb text_text_color=\u00bb#2f605d\u00bb text_font_size=\u00bb1.5em\u00bb text_line_height=\u00bb1.4em\u00bb header_font=\u00bbPlus Jakarta Sans|700|||||||\u00bb header_text_align=\u00bbcenter\u00bb header_text_color=\u00bb#809572&#8243; header_font_size=\u00bb5em\u00bb header_2_font=\u00bbPlus Jakarta Sans|300|||||||\u00bb header_2_text_align=\u00bbcenter\u00bb header_2_text_color=\u00bb#FFFFFF\u00bb header_2_font_size=\u00bb2.6em\u00bb header_2_line_height=\u00bb1.2em\u00bb text_orientation=\u00bbcenter\u00bb custom_margin=\u00bb||44px|||\u00bb global_colors_info=\u00bb{}\u00bb]<\/p>\n<p><strong>CONVOCATORIA Y REGLAMENTO PARA LA PRESENTACI\u00d3N DE TRABAJOS CIENT\u00cdFICOS 2026<\/strong><\/p>\n<p>[\/et_pb_text][et_pb_text _builder_version=\u00bb4.27.5&#8243; _module_preset=\u00bbdefault\u00bb text_font=\u00bbPlus Jakarta Sans||||||||\u00bb text_text_color=\u00bb#2f605d\u00bb text_font_size=\u00bb1.3em\u00bb text_line_height=\u00bb1.3em\u00bb header_font=\u00bbPlus Jakarta Sans|700|||||||\u00bb header_text_align=\u00bbcenter\u00bb header_text_color=\u00bb#809572&#8243; header_font_size=\u00bb5em\u00bb header_2_font=\u00bbPlus Jakarta Sans|300|||||||\u00bb header_2_text_align=\u00bbcenter\u00bb header_2_text_color=\u00bb#FFFFFF\u00bb header_2_font_size=\u00bb2.6em\u00bb header_2_line_height=\u00bb1.2em\u00bb global_colors_info=\u00bb{}\u00bb]<\/p>\n<p>Estimados\/as colegas,<\/p>\n<p>Nos complace invitarlos a participar activamente en el <strong>XXII Congreso Argentino de Gerontolog\u00eda y Geriatr\u00eda de la Sociedad Argentina de Gerontolog\u00eda y Geriatr\u00eda,<\/strong> el cual se llevar\u00e1 a cabo en la Ciudad de Mar de Plata los d\u00edas<strong> 27 y 28 de agosto en el Hotel Sheraton Mar del Plata.<\/strong><\/p>\n<p>Este evento reunir\u00e1 a profesionales, investigadores y expertos en el campo de la Gerontolog\u00eda y Geriatr\u00eda donde esperamos compartir conocimientos, avances cient\u00edficos y experiencias que contribuyan a la mejora en la atenci\u00f3n a las personas mayores.<\/p>\n<p>Los convocamos a presentar sus trabajos cient\u00edficos como parte fundamental del congreso. Consideramos \u00e9sta como una excelente oportunidad para dar a conocer sus investigaciones, promover el debate acad\u00e9mico, la formaci\u00f3n de equipos y enriquecer el aprendizaje colectivo.<\/p>\n<p>A continuaci\u00f3n, detallamos el reglamento para la preparaci\u00f3n y el env\u00edo de res\u00famenes y trabajos cient\u00edficos para el evento.<strong><\/strong><\/p>\n<p>&nbsp;<\/p>\n<p><strong>INFORMACI\u00d3N GENERAL <\/strong><\/p>\n<p>Se recomienda leer con atenci\u00f3n:<\/p>\n<ul>\n<li>Los res\u00famenes deben enviarse a trav\u00e9s del sistema oficial de env\u00edo en l\u00ednea. No se aceptar\u00e1 otra v\u00eda por fuera de la p\u00e1gina del congreso. S\u00f3lo se recibir\u00e1n res\u00famenes escritos en idioma castellano.<\/li>\n<li>Se comunicar\u00e1 a los autores s\u00f3lo en los casos en los cuales el trabajo no cumpla con las pautas y no fuese aceptado.<\/li>\n<li>La Comisi\u00f3n Evaluadora podr\u00e1 considerar los trabajos cient\u00edficos para su publicaci\u00f3n y difusi\u00f3n en la Revista de Gerontolog\u00eda y Geriatr\u00eda de la Sociedad Argentina de Gerontolog\u00eda y Geriatr\u00eda. El env\u00edo de trabajos cient\u00edficos implica el consentimiento previo del o los autores para su publicaci\u00f3n.<\/li>\n<li>Los trabajos cient\u00edficos que participen a premio deben ser in\u00e9ditos y no haber sido publicados. Para esto, ser\u00e1n evaluados de acuerdo con la calidad de su contenido, metodolog\u00eda, aplicabilidad del tema e inter\u00e9s general seg\u00fan las prioridades del congreso.<\/li>\n<li>Por lo menos, uno de los autores debe estar inscripto al evento y estar preparado para realizar la presentaci\u00f3n del resumen\/trabajo cient\u00edfico correspondiente.<\/li>\n<li>Los trabajos cient\u00edficos galardonados ser\u00e1n anunciados en la sesi\u00f3n de cierre del congreso por lo que, al menos, uno de los autores debe estar presente para recibir el premio.<\/li>\n<li>S\u00f3lo se emitir\u00e1 un certificado <em>online<\/em> por resumen\/trabajo presentado con todos\/as los\/as autores\/as, que se podr\u00e1 descargar desde la web una vez finalizado el congreso.<\/li>\n<li>Cuando se complete la carga del resumen correctamente en la p\u00e1gina web, aparecer\u00e1 un n\u00famero asignado. Por favor, guarde este n\u00famero para futuras referencias. El <em>e-mail<\/em> que indique al rellenar sus datos ser\u00e1 utilizado para enviarle cualquier comunicaci\u00f3n. Es importante asegurarse de que el <em>e-mail<\/em> es correcto y usar siempre la misma direcci\u00f3n.<\/li>\n<\/ul>\n<blockquote>\n<p>Los res\u00famenes se dividir\u00e1n en dos categor\u00edas: <strong>Gerontolog\u00eda y Geriatr\u00eda<\/strong>.<\/p>\n<\/blockquote>\n<p><strong>\u00c1rea de Gerontolog\u00eda<\/strong><\/p>\n<ul>\n<li>Envejecimiento Saludable y Promoci\u00f3n de la Salud<\/li>\n<li>Salud mental y subjetividad<\/li>\n<li>Pol\u00edticas y Programas Sociales<\/li>\n<li>Innovaci\u00f3n y Tecnolog\u00eda<\/li>\n<li>Participaci\u00f3n Social. inclusi\u00f3n, diversidad y derechos humanos<\/li>\n<li>Cuidados y Redes de apoyo<\/li>\n<li>Educaci\u00f3n, Formaci\u00f3n y \u00c9tica en Gerontolog\u00eda<\/li>\n<li>Entornos, h\u00e1bitat y envejecimiento<\/li>\n<li>Aspectos sociodemogr\u00e1ficos del envejecimiento<\/li>\n<\/ul>\n<p><strong>\u00a0<\/strong><\/p>\n<p><strong>\u00c1rea de Geriatr\u00eda<\/strong><\/p>\n<ul>\n<li>S\u00edndromes Geri\u00e1tricos<\/li>\n<li>Enfermedades Cr\u00f3nicas y pluripatolog\u00edas<\/li>\n<li>Polifarmacia y Seguridad del Paciente<\/li>\n<li>Sistemas de cuidados de larga duraci\u00f3n<\/li>\n<li>Innovaci\u00f3n Cl\u00ednica y Programas de Gesti\u00f3n<\/li>\n<li>Nutrici\u00f3n y Estilo de Vida<\/li>\n<li>Cuidados agudos<\/li>\n<li>Cuidados paliativos<\/li>\n<\/ul>\n<p><strong><em><\/em><\/strong><\/p>\n<p><strong><em>Modalidades.<\/em><\/strong><\/p>\n<p><strong>Trabajos de investigaci\u00f3n:<\/strong><\/p>\n<p>Se encuadran en la presentaci\u00f3n de estudios que planteen un problema, objetivos, resultados y discusi\u00f3n en forma coherente y rigurosa con el fin de aportar conocimiento al campo cient\u00edfico. Son trabajos que forman parte de proyectos acreditados y aprobados (en curso o finalizados) por comisiones acad\u00e9micas y cient\u00edficas.<\/p>\n<p><strong>An\u00e1lisis de experiencias, programas y casos:<\/strong><\/p>\n<p>Comunicaciones que describen detalladamente experiencias cl\u00ednicas o comunitarias, enfatizando los procesos desarrollados y los resultados obtenidos en la pr\u00e1ctica.<\/p>\n<p><strong><em>Modalidad de presentaci\u00f3n <\/em><\/strong><\/p>\n<ul>\n<li>Los trabajos deben subirse a la p\u00e1gina web en formato <strong>resumen<\/strong>.<\/li>\n<li>En caso de querer participar a premio se deber\u00e1 adjuntar el <strong>trabajo cient\u00edfico completo<\/strong> en formato PDF, (adem\u00e1s del resumen).<\/li>\n<\/ul>\n<p><strong><em>\u00a0<\/em><\/strong><\/p>\n<p><strong>INSTRUCCIONES PARA LA REDACCI\u00d3N DEL RESUMEN<\/strong><strong>\u00a0<\/strong><\/p>\n<ol>\n<li><strong>Trabajos de investigaci\u00f3n:<\/strong><strong>\u00a0<\/strong><\/li>\n<\/ol>\n<ol>\n<li>El resumen debe ser estructurado y conciso. El formato debe tener:<\/li>\n<\/ol>\n<ul>\n<li>T\u00edtulo: (debe limitarse a m\u00e1ximo 15 palabras, no debe contener abreviaturas ni siglas).<\/li>\n<li>Introducci\u00f3n<\/li>\n<li>Palabras clave: m\u00e1ximo 6. Se utilizar\u00e1n s\u00f3lo aquellas aceptadas por bases de datos internacionales, y que pueden ser consultadas en las siguientes direcciones: palabras clave (espa\u00f1ol):<span style=\"color: #008000;\"><span style=\"text-decoration: underline; color: #2f605d;\"> <a href=\"http:\/\/decs.bvs.br\/E\/homepagee.htm\" style=\"color: #2f605d; text-decoration: underline;\">http:\/\/decs.bvs.br\/E\/homepagee.htm<\/a><\/span>.<\/span> Key words (ingl\u00e9s):<span style=\"color: #008000;\"><span style=\"color: #2f605d;\"> <a href=\"http:\/\/www.nlm.nih.gov\/mesh\/\" style=\"color: #2f605d;\"><span style=\"text-decoration: underline;\">http:\/\/www.nlm.nih.gov\/mesh\/<\/span><\/a><\/span>.<\/span><\/li>\n<li>Objetivo general<\/li>\n<li>Materiales y m\u00e9todos<\/li>\n<li>Resultados<\/li>\n<li>Conclusi\u00f3n<\/li>\n<\/ul>\n<ol>\n<li>Solo se podr\u00e1n utilizar abreviaturas y s\u00edmbolos est\u00e1ndar.<\/li>\n<li>Denominar en forma gen\u00e9rica las drogas utilizadas.<\/li>\n<li>El texto del resumen deber\u00e1 ser completado en el formato establecido por el sistema. Tendr\u00e1 un espacio m\u00e1ximo de 2500 caracteres incluyendo espacios (aproximadamente 350 palabras).<\/li>\n<li>No se aceptar\u00e1n gr\u00e1ficos ni tablas en el resumen.<\/li>\n<\/ol>\n<p>&nbsp;<\/p>\n<h3><span style=\"color: #2f605d;\"><strong>B. <\/strong><strong>An\u00e1lisis de experiencias, programas y casos (en curso o ejecutados):<\/strong><\/span><\/h3>\n<ol>\n<li><strong>Introducci\u00f3n y Contextualizaci\u00f3n:<\/strong> Descripci\u00f3n del escenario donde se desarroll\u00f3 la experiencia (ej. centro de salud, barrio, organizaci\u00f3n) y los motivos que la impulsaron.<\/li>\n<li><strong>Objetivos de la Experiencia:<\/strong> \u00bfQu\u00e9 se busca lograr con esta intervenci\u00f3n o pr\u00e1ctica?<\/li>\n<li><strong>Descripci\u00f3n de las Actividades:<\/strong> Cronolog\u00eda y detalle de los procesos desarrollados. Qui\u00e9nes participaron y c\u00f3mo se llev\u00f3 a cabo.<\/li>\n<li><strong>Resultados y Logros:<\/strong> Descripci\u00f3n de los cambios observados en funci\u00f3n o productos obtenidos.<\/li>\n<li><strong>Reflexi\u00f3n Cr\u00edtica (replicabilidad):<\/strong> An\u00e1lisis de las dificultades encontradas, qu\u00e9 funcion\u00f3, qu\u00e9 no y c\u00f3mo esta experiencia transforma la pr\u00e1ctica profesional.<\/li>\n<\/ol>\n<p>&nbsp;<\/p>\n<p><strong>INSTRUCCIONES PARA LA REDACCI\u00d3N DEL TRABAJO CIENT\u00cdFICO COMPLETO<\/strong><strong>\u00a0<\/strong><\/p>\n<ol>\n<li>Se adjuntar\u00e1 como archivo en formato PDF en la plataforma. Tipo de fuente Arial tama\u00f1o 12; tama\u00f1o de p\u00e1gina A4; interlineado sencillo; los m\u00e1rgenes deben ser de 3 cm y las p\u00e1ginas se numeran consecutivamente en la esquina inferior derecha.<\/li>\n<li>Tendr\u00e1 un formato estructurado de la siguiente manera:<\/li>\n<\/ol>\n<ul>\n<li>T\u00edtulo: (debe limitarse a m\u00e1ximo 15 palabras, no debe contener abreviaturas ni siglas)<\/li>\n<li>Resumen<\/li>\n<li>Introducci\u00f3n<\/li>\n<li>Objetivo general<\/li>\n<li>Materiales y m\u00e9todo<\/li>\n<li>Resultados<\/li>\n<li>Discusi\u00f3n<\/li>\n<li>Conclusi\u00f3n<\/li>\n<li>Bibliograf\u00eda: se remiten a los Sistemas \u00abNormas de Vancouver 2003\u00bb o \u00abAPA 7ma. edici\u00f3n\u00bb de citas y referencias bibliogr\u00e1ficas, que pueden ser consultados en diversos sitios web o en su versi\u00f3n impresa.<\/li>\n<\/ul>\n<ol start=\"3\">\n<li>El escrito tendr\u00e1 una extensi\u00f3n m\u00e1xima de 3000 palabras.<\/li>\n<li>Podr\u00e1 contar con gr\u00e1ficos, esquemas y tablas. Se denominan figuras y se enumeran seg\u00fan el orden de aparici\u00f3n y sus leyendas se escriben en la parte inferior de la imagen.<\/li>\n<li>El PDF no deber\u00e1 mencionar los\/as autores\/as del trabajo.<\/li>\n<li>No se aceptar\u00e1n tesis completas, ni proyectos de trabajos.<\/li>\n<\/ol>\n<p>&nbsp;<\/p>\n<p><strong>INFORMACI\u00d3N IMPORTANTE:\u00a0 <\/strong><\/p>\n<p><strong>RECORDAMOS LA NECESIDAD DE RESPETAR EL ANONIMATO DE LOS\/AS AUTORES\/AS Y LA NO MENCI\u00d3N INSTITUCIONAL EN EL T\u00cdTULO, PARA EVITAR SESGOS EN LA EVALUACI\u00d3N. <\/strong><\/p>\n<p>&nbsp;<\/p>\n<p><strong>MODALIDAD DE EVALUACI\u00d3N<\/strong><\/p>\n<ul>\n<li>Los <strong>Res\u00famenes<\/strong> ser\u00e1n evaluados por un revisor de la Comisi\u00f3n Evaluadora del Congreso, quien definir\u00e1 la aceptaci\u00f3n o no del mismo.<\/li>\n<li>Aquellos escritos que adem\u00e1s de resumen se adjunta el <strong>Trabajo Cient\u00edfico completo<\/strong> ser\u00e1n evaluados por dos revisores de la Comisi\u00f3n.<\/li>\n<li>Los revisores desconocen los nombres de los\/as autores y el nombre de los otros revisores.<\/li>\n<li>Cada revisor\/a utilizar\u00e1 una grilla de evaluaci\u00f3n donde se puntuar\u00e1 la metodolog\u00eda utilizada, la originalidad, el inter\u00e9s cient\u00edfico y comunitario y la coherencia interna respecto a los aspectos formales y de contenido.<\/li>\n<\/ul>\n<p>Los <strong>Trabajos Cient\u00edficos Completos<\/strong> que obtengan una calificaci\u00f3n distinguida podr\u00e1n ser premiados por la <strong>Sociedad Argentina de Gerontolog\u00eda y Geriatr\u00eda<\/strong>. Asimismo, tambi\u00e9n podr\u00e1n ser premiados por <strong>Fundaci\u00f3n Emergencias<\/strong>, siendo evaluados por revisores de dicha entidad.<\/p>\n<p><strong>\u00a0<\/strong><strong>PRESENTACIONES ORALES<\/strong><strong>\u00a0<\/strong><\/p>\n<p>El formato de presentaci\u00f3n es oral mediante p\u00f3ster virtual. El d\u00eda, horario, lugar (sal\u00f3n) se dar\u00e1 a conocer por correo electr\u00f3nico a cada uno de los autores con anterioridad. Para la presentaci\u00f3n se sugiere el uso de la plantilla dise\u00f1ada por la Comisi\u00f3n Evaluadora de los Trabajos Cient\u00edficos.<\/p>\n<ul>\n<li>Res\u00famenes: presentaci\u00f3n de un m\u00e1ximo de tiempo de <strong>7 minutos<\/strong>, tipo e-p\u00f3ster<\/li>\n<li>Trabajos cient\u00edficos completos: presentaci\u00f3n de un m\u00e1ximo de <strong>15 minutos<\/strong>, tipo presentaci\u00f3n con diapositivas.<\/li>\n<\/ul>\n<p>&nbsp;<\/p>\n<p><strong>FECHA L\u00cdMITE DE RECEPCI\u00d3N: 30 de junio 2026.<\/strong><\/p>\n<p>&nbsp;<\/p>\n<p>[\/et_pb_text][\/et_pb_column][\/et_pb_row][\/et_pb_section]<\/p>\n","protected":false},"excerpt":{"rendered":"<p>Trabajos Cient\u00edficosCONVOCATORIA Y REGLAMENTO PARA LA PRESENTACI\u00d3N DE TRABAJOS CIENT\u00cdFICOS 2026Estimados\/as colegas, Nos complace invitarlos a participar activamente en el XXII Congreso Argentino de Gerontolog\u00eda y Geriatr\u00eda de la Sociedad Argentina de Gerontolog\u00eda y Geriatr\u00eda, el cual se llevar\u00e1 a cabo en la Ciudad de Mar de Plata los d\u00edas 27 y 28 de agosto [&hellip;]<\/p>\n","protected":false},"author":2,"featured_media":0,"parent":0,"menu_order":0,"comment_status":"closed","ping_status":"closed","template":"","meta":{"_et_pb_use_builder":"on","_et_pb_old_content":"","_et_gb_content_width":"","inline_featured_image":false,"footnotes":""},"class_list":["post-104755","page","type-page","status-publish","hentry"],"_links":{"self":[{"href":"https:\/\/sagg.ar\/congresosagg2026\/wp-json\/wp\/v2\/pages\/104755","targetHints":{"allow":["GET"]}}],"collection":[{"href":"https:\/\/sagg.ar\/congresosagg2026\/wp-json\/wp\/v2\/pages"}],"about":[{"href":"https:\/\/sagg.ar\/congresosagg2026\/wp-json\/wp\/v2\/types\/page"}],"author":[{"embeddable":true,"href":"https:\/\/sagg.ar\/congresosagg2026\/wp-json\/wp\/v2\/users\/2"}],"replies":[{"embeddable":true,"href":"https:\/\/sagg.ar\/congresosagg2026\/wp-json\/wp\/v2\/comments?post=104755"}],"version-history":[{"count":10,"href":"https:\/\/sagg.ar\/congresosagg2026\/wp-json\/wp\/v2\/pages\/104755\/revisions"}],"predecessor-version":[{"id":104966,"href":"https:\/\/sagg.ar\/congresosagg2026\/wp-json\/wp\/v2\/pages\/104755\/revisions\/104966"}],"wp:attachment":[{"href":"https:\/\/sagg.ar\/congresosagg2026\/wp-json\/wp\/v2\/media?parent=104755"}],"curies":[{"name":"wp","href":"https:\/\/api.w.org\/{rel}","templated":true}]}}