{"id":104625,"date":"2026-03-19T06:44:01","date_gmt":"2026-03-19T06:44:01","guid":{"rendered":"https:\/\/sagg.ar\/congresosagg2026\/?page_id=104625"},"modified":"2026-04-16T17:21:20","modified_gmt":"2026-04-16T17:21:20","slug":"portada","status":"publish","type":"page","link":"https:\/\/sagg.ar\/congresosagg2026\/","title":{"rendered":"Portada"},"content":{"rendered":"<p>[et_pb_section fb_built=\u00bb1&#8243; fullwidth=\u00bbon\u00bb next_background_color=\u00bb#bb7f9f\u00bb _builder_version=\u00bb4.27.5&#8243; _module_preset=\u00bbdefault\u00bb bottom_divider_style=\u00bbcurve\u00bb bottom_divider_height_tablet=\u00bb\u00bb bottom_divider_height_phone=\u00bb30px\u00bb bottom_divider_height_last_edited=\u00bbon|phone\u00bb global_colors_info=\u00bb{}\u00bb][et_pb_fullwidth_slider arrows_custom_color=\u00bb#4d6a42&#8243; dot_nav_custom_color=\u00bb#4d6a42&#8243; _builder_version=\u00bb4.27.5&#8243; _module_preset=\u00bbdefault\u00bb custom_padding=\u00bb415px||219px|||\u00bb auto=\u00bbon\u00bb auto_ignore_hover=\u00bbon\u00bb global_colors_info=\u00bb{}\u00bb][et_pb_slide _builder_version=\u00bb4.27.5&#8243; _module_preset=\u00bbdefault\u00bb background_enable_color=\u00bboff\u00bb background_enable_image=\u00bboff\u00bb background_video_mp4=\u00bbhttps:\/\/sagg.ar\/congresosagg2026\/wp-content\/uploads\/2026\/04\/Video-03-sagg2026.mp4&#8243; background_enable_video_mp4=\u00bbon\u00bb background_last_edited=\u00bbon|phone\u00bb background_enable_image_phone=\u00bboff\u00bb background_video_mp4_phone=\u00bbhttps:\/\/sagg.ar\/congresosagg2026\/wp-content\/uploads\/2026\/04\/Congreso-mobile-2026.mp4&#8243; background_enable_video_mp4_phone=\u00bbon\u00bb global_colors_info=\u00bb{}\u00bb sticky_transition=\u00bbon\u00bb][\/et_pb_slide][\/et_pb_fullwidth_slider][\/et_pb_section][et_pb_section fb_built=\u00bb1&#8243; custom_padding_last_edited=\u00bbon|phone\u00bb next_background_color=\u00bb#bbc5c3&#8243; _builder_version=\u00bb4.27.5&#8243; _module_preset=\u00bbdefault\u00bb background_color=\u00bb#bb7f9f\u00bb custom_margin=\u00bb0px||||false|false\u00bb custom_margin_tablet=\u00bb0px||||false|false\u00bb custom_margin_phone=\u00bb-1px||||false|false\u00bb custom_margin_last_edited=\u00bbon|phone\u00bb custom_padding=\u00bb74px||76px|||\u00bb custom_padding_tablet=\u00bb||94px|||\u00bb custom_padding_phone=\u00bb0px||42px||false|false\u00bb bottom_divider_style=\u00bbcurve\u00bb bottom_divider_flip=\u00bbhorizontal|vertical\u00bb bottom_divider_height_tablet=\u00bb\u00bb bottom_divider_height_phone=\u00bb30px\u00bb bottom_divider_height_last_edited=\u00bbon|phone\u00bb global_colors_info=\u00bb{}\u00bb][et_pb_row _builder_version=\u00bb4.27.5&#8243; _module_preset=\u00bbdefault\u00bb width=\u00bb59%\u00bb width_tablet=\u00bb59%\u00bb width_phone=\u00bb80%\u00bb width_last_edited=\u00bbon|phone\u00bb max_width=\u00bb100%\u00bb custom_margin=\u00bb0px|auto|4px|auto|false|false\u00bb custom_padding=\u00bb||26px|||\u00bb global_colors_info=\u00bb{}\u00bb][et_pb_column type=\u00bb4_4&#8243; _builder_version=\u00bb4.27.5&#8243; _module_preset=\u00bbdefault\u00bb global_colors_info=\u00bb{}\u00bb][et_pb_image src=\u00bbhttps:\/\/sagg.ar\/congresosagg2026\/wp-content\/uploads\/2026\/04\/logosx3-2026.png\u00bb title_text=\u00bblogosx3-2026&#8243; align=\u00bbcenter\u00bb _builder_version=\u00bb4.27.5&#8243; _module_preset=\u00bbdefault\u00bb width=\u00bb100%\u00bb width_tablet=\u00bb62%\u00bb width_phone=\u00bb100%\u00bb width_last_edited=\u00bbon|phone\u00bb custom_margin=\u00bb||43px|||\u00bb global_colors_info=\u00bb{}\u00bb][\/et_pb_image][et_pb_text _builder_version=\u00bb4.27.5&#8243; _module_preset=\u00bbdefault\u00bb header_3_font=\u00bbPlus Jakarta Sans|700|||||||\u00bb header_3_text_align=\u00bbcenter\u00bb header_3_text_color=\u00bb#FFFFFF\u00bb header_3_font_size=\u00bb2.5em\u00bb header_3_line_height=\u00bb1.3em\u00bb header_3_font_size_tablet=\u00bb3em\u00bb header_3_font_size_phone=\u00bb1.6em\u00bb header_3_font_size_last_edited=\u00bbon|phone\u00bb global_colors_info=\u00bb{}\u00bb]<\/p>\n<h3>Bienvenidos al XXII Congreso Argentino de Gerontolog\u00eda y Geriatr\u00eda<\/h3>\n<p>[\/et_pb_text][et_pb_text _builder_version=\u00bb4.27.5&#8243; _module_preset=\u00bbdefault\u00bb text_font=\u00bbPlus Jakarta Sans||||||||\u00bb text_text_color=\u00bb#FFFFFF\u00bb text_font_size=\u00bb1.2em\u00bb text_line_height=\u00bb1.4em\u00bb custom_margin=\u00bb||-5px|||\u00bb text_font_size_tablet=\u00bb1.2em\u00bb text_font_size_phone=\u00bb1.2em\u00bb text_font_size_last_edited=\u00bbon|phone\u00bb global_colors_info=\u00bb{}\u00bb]<\/p>\n<p>Estimadas y Estimados colegas:<\/p>\n<p>Nos emociona abrir las puertas de este nuevo Congreso de Gerontolog\u00eda y Geriatr\u00eda, un espacio donde el encuentro se convierte en aprendizaje y donde la mirada sobre el envejecimiento se enriquece con cada voz. Bajo el lema <em><strong>\u201cEnvejecer en un mundo que cambia: saberes y pr\u00e1cticas en el contexto actual\u201d<\/strong><\/em>, los invitamos a reflexionar juntos sobre este tiempo de transformaciones profundas, que nos impulsa a revisar nuestras pr\u00e1cticas, a fortalecer los v\u00ednculos y a cuidar de manera m\u00e1s sensible, m\u00e1s cercana y m\u00e1s humana.<\/p>\n<p>En un contexto de cambios sociales, culturales y tecnol\u00f3gicos constantes, comprender los envejecimientos como procesos abiertos y diversos es fundamental. Estos cambios, junto con el envejecimiento poblacional, nos impulsan a producir conocimiento cient\u00edfico que integre a todas las personas, mejore su vida y convierta esos saberes en pr\u00e1cticas y pol\u00edticas que garanticen derechos, inclusi\u00f3n y una ciudadan\u00eda plena.<\/p>\n<p>Extendemos a ustedes la invitaci\u00f3n a compartir sus investigaciones, reflexiones y an\u00e1lisis sobre la situaci\u00f3n social, econ\u00f3mica, sanitaria y cultural de las personas mayores, en virtud de promover un intercambio interdisciplinario de pr\u00e1cticas y saberes.<\/p>\n<p>Este congreso es una oportunidad para aprender juntos, inspirarnos mutuamente y reafirmar nuestro compromiso con una gerontolog\u00eda y una geriatr\u00eda m\u00e1s humanas, inclusivas y solidarias.<\/p>\n<p>Estamos convencidas de que cada aporte, cada mirada y cada experiencia enriquece la construcci\u00f3n colectiva de un futuro m\u00e1s justo y m\u00e1s sensible para todas las personas.<\/p>\n<p><strong>Con afecto, les damos la m\u00e1s cordial bienvenida al XXII Congreso Argentino de Gerontolog\u00eda y Geriatr\u00eda.<\/strong><\/p>\n<p>[\/et_pb_text][\/et_pb_column][\/et_pb_row][et_pb_row column_structure=\u00bb1_2,1_2&#8243; _builder_version=\u00bb4.27.5&#8243; _module_preset=\u00bbdefault\u00bb width=\u00bb59%\u00bb max_width=\u00bb100%\u00bb custom_margin=\u00bb|auto|69px|auto||\u00bb custom_padding=\u00bb||26px|||\u00bb global_colors_info=\u00bb{}\u00bb][et_pb_column type=\u00bb1_2&#8243; _builder_version=\u00bb4.27.5&#8243; _module_preset=\u00bbdefault\u00bb global_colors_info=\u00bb{}\u00bb][et_pb_text _builder_version=\u00bb4.27.5&#8243; _module_preset=\u00bbdefault\u00bb text_font=\u00bbPlus Jakarta Sans||||||||\u00bb text_text_color=\u00bb#FFFFFF\u00bb text_font_size=\u00bb1.2em\u00bb text_line_height=\u00bb1.4em\u00bb text_orientation=\u00bbcenter\u00bb custom_margin=\u00bb||-5px|||\u00bb text_font_size_tablet=\u00bb1.2em\u00bb text_font_size_phone=\u00bb1.2em\u00bb text_font_size_last_edited=\u00bbon|phone\u00bb global_colors_info=\u00bb{}\u00bb]<\/p>\n<p><strong>Dra. Cecilia Cabello<\/strong><br \/><strong>Presidenta Geriatr\u00eda<\/strong><\/p>\n<p>[\/et_pb_text][\/et_pb_column][et_pb_column type=\u00bb1_2&#8243; _builder_version=\u00bb4.27.5&#8243; _module_preset=\u00bbdefault\u00bb global_colors_info=\u00bb{}\u00bb][et_pb_text _builder_version=\u00bb4.27.5&#8243; _module_preset=\u00bbdefault\u00bb text_font=\u00bbPlus Jakarta Sans||||||||\u00bb text_text_color=\u00bb#FFFFFF\u00bb text_font_size=\u00bb1.2em\u00bb text_line_height=\u00bb1.4em\u00bb text_orientation=\u00bbcenter\u00bb custom_margin=\u00bb||-5px|||\u00bb text_font_size_tablet=\u00bb1.2em\u00bb text_font_size_phone=\u00bb1.2em\u00bb text_font_size_last_edited=\u00bbon|phone\u00bb global_colors_info=\u00bb{}\u00bb]<\/p>\n<p><strong>Dra. Paula Pochintesta<\/strong><br \/><strong>Presidenta Gerontolog\u00eda<\/strong><\/p>\n<p>[\/et_pb_text][\/et_pb_column][\/et_pb_row][\/et_pb_section][et_pb_section fb_built=\u00bb1&#8243; _builder_version=\u00bb4.27.5&#8243; _module_preset=\u00bbdefault\u00bb background_color=\u00bb#bbc5c3&#8243; custom_padding=\u00bb||122px|||\u00bb global_colors_info=\u00bb{}\u00bb][et_pb_row _builder_version=\u00bb4.27.5&#8243; _module_preset=\u00bbdefault\u00bb global_colors_info=\u00bb{}\u00bb][et_pb_column type=\u00bb4_4&#8243; _builder_version=\u00bb4.27.5&#8243; _module_preset=\u00bbdefault\u00bb global_colors_info=\u00bb{}\u00bb][et_pb_text _builder_version=\u00bb4.27.5&#8243; _module_preset=\u00bbdefault\u00bb header_text_color=\u00bb#676768&#8243; header_3_font=\u00bbPlus Jakarta Sans|700|||||||\u00bb header_3_text_align=\u00bbcenter\u00bb header_3_text_color=\u00bb#676768&#8243; header_3_font_size=\u00bb3em\u00bb header_3_font_size_tablet=\u00bb3em\u00bb header_3_font_size_phone=\u00bb2em\u00bb header_3_font_size_last_edited=\u00bbon|phone\u00bb global_colors_info=\u00bb{}\u00bb]<\/p>\n<h3>Patrocinantes<\/h3>\n<p>[\/et_pb_text][\/et_pb_column][\/et_pb_row][et_pb_row column_structure=\u00bb1_4,1_4,1_4,1_4&#8243; _builder_version=\u00bb4.27.5&#8243; _module_preset=\u00bbdefault\u00bb global_colors_info=\u00bb{}\u00bb][et_pb_column type=\u00bb1_4&#8243; _builder_version=\u00bb4.27.5&#8243; _module_preset=\u00bbdefault\u00bb background_enable_color=\u00bboff\u00bb border_radii=\u00bbon|12px|12px|12px|12px\u00bb global_colors_info=\u00bb{}\u00bb][\/et_pb_column][et_pb_column type=\u00bb1_4&#8243; _builder_version=\u00bb4.27.5&#8243; _module_preset=\u00bbdefault\u00bb background_color=\u00bb#FFFFFF\u00bb border_radii=\u00bbon|12px|12px|12px|12px\u00bb box_shadow_style=\u00bbpreset1&#8243; global_colors_info=\u00bb{}\u00bb][et_pb_image src=\u00bbhttps:\/\/sagg.ar\/congresosagg2026\/wp-content\/uploads\/2026\/04\/montalto.jpg\u00bb title_text=\u00bbmontalto\u00bb _builder_version=\u00bb4.27.5&#8243; _module_preset=\u00bbdefault\u00bb custom_margin=\u00bb||10px|||\u00bb global_colors_info=\u00bb{}\u00bb][\/et_pb_image][et_pb_text _builder_version=\u00bb4.27.5&#8243; _module_preset=\u00bbdefault\u00bb text_font=\u00bb|600|||||||\u00bb text_font_size=\u00bb19px\u00bb text_orientation=\u00bbcenter\u00bb custom_padding=\u00bb2%|1%|3%|1%|false|true\u00bb global_colors_info=\u00bb{}\u00bb]<\/p>\n<p>SIGNATURE<\/p>\n<p>[\/et_pb_text][\/et_pb_column][et_pb_column type=\u00bb1_4&#8243; _builder_version=\u00bb4.27.5&#8243; _module_preset=\u00bbdefault\u00bb background_color=\u00bb#FFFFFF\u00bb border_radii=\u00bbon|12px|12px|12px|12px\u00bb box_shadow_style=\u00bbpreset1&#8243; global_colors_info=\u00bb{}\u00bb][et_pb_image src=\u00bbhttps:\/\/sagg.ar\/congresosagg2026\/wp-content\/uploads\/2026\/04\/grupo-manantial.jpg\u00bb title_text=\u00bbgrupo-manantial\u00bb _builder_version=\u00bb4.27.5&#8243; _module_preset=\u00bbdefault\u00bb custom_margin=\u00bb||10px|||\u00bb global_colors_info=\u00bb{}\u00bb][\/et_pb_image][et_pb_text _builder_version=\u00bb4.27.5&#8243; _module_preset=\u00bbdefault\u00bb text_font=\u00bb|600|||||||\u00bb text_font_size=\u00bb19px\u00bb text_orientation=\u00bbcenter\u00bb custom_padding=\u00bb2%|1%|3%|1%|false|true\u00bb global_colors_info=\u00bb{}\u00bb]<\/p>\n<p>SIGNATURE<\/p>\n<p>[\/et_pb_text][\/et_pb_column][et_pb_column type=\u00bb1_4&#8243; _builder_version=\u00bb4.27.5&#8243; _module_preset=\u00bbdefault\u00bb background_enable_color=\u00bboff\u00bb border_radii=\u00bbon|12px|12px|12px|12px\u00bb global_colors_info=\u00bb{}\u00bb][\/et_pb_column][\/et_pb_row][et_pb_row column_structure=\u00bb1_4,1_4,1_4,1_4&#8243; _builder_version=\u00bb4.27.5&#8243; _module_preset=\u00bbdefault\u00bb global_colors_info=\u00bb{}\u00bb][et_pb_column type=\u00bb1_4&#8243; _builder_version=\u00bb4.27.5&#8243; _module_preset=\u00bbdefault\u00bb background_enable_color=\u00bboff\u00bb border_radii=\u00bbon|12px|12px|12px|12px\u00bb global_colors_info=\u00bb{}\u00bb][\/et_pb_column][et_pb_column type=\u00bb1_4&#8243; _builder_version=\u00bb4.27.5&#8243; _module_preset=\u00bbdefault\u00bb background_color=\u00bb#FFFFFF\u00bb border_radii=\u00bbon|12px|12px|12px|12px\u00bb box_shadow_style=\u00bbpreset1&#8243; global_colors_info=\u00bb{}\u00bb][et_pb_image src=\u00bbhttps:\/\/sagg.ar\/congresosagg2026\/wp-content\/uploads\/2026\/04\/seqirus.jpg\u00bb title_text=\u00bbseqirus\u00bb _builder_version=\u00bb4.27.5&#8243; _module_preset=\u00bbdefault\u00bb custom_margin=\u00bb||10px|||\u00bb global_colors_info=\u00bb{}\u00bb][\/et_pb_image][et_pb_text _builder_version=\u00bb4.27.5&#8243; _module_preset=\u00bbdefault\u00bb text_font=\u00bb|600|||||||\u00bb text_font_size=\u00bb19px\u00bb text_orientation=\u00bbcenter\u00bb custom_padding=\u00bb2%|1%|3%|1%|false|true\u00bb global_colors_info=\u00bb{}\u00bb]<\/p>\n<p>PLATINO<\/p>\n<p>[\/et_pb_text][\/et_pb_column][et_pb_column type=\u00bb1_4&#8243; _builder_version=\u00bb4.27.5&#8243; _module_preset=\u00bbdefault\u00bb background_color=\u00bb#FFFFFF\u00bb border_radii=\u00bbon|12px|12px|12px|12px\u00bb box_shadow_style=\u00bbpreset1&#8243; global_colors_info=\u00bb{}\u00bb][et_pb_image src=\u00bbhttps:\/\/sagg.ar\/congresosagg2026\/wp-content\/uploads\/2026\/04\/casasco.jpg\u00bb title_text=\u00bbcasasco\u00bb _builder_version=\u00bb4.27.5&#8243; _module_preset=\u00bbdefault\u00bb custom_margin=\u00bb||10px|||\u00bb global_colors_info=\u00bb{}\u00bb][\/et_pb_image][et_pb_text _builder_version=\u00bb4.27.5&#8243; _module_preset=\u00bbdefault\u00bb text_font=\u00bb|600|||||||\u00bb text_font_size=\u00bb19px\u00bb text_orientation=\u00bbcenter\u00bb custom_padding=\u00bb2%|1%|3%|1%|false|true\u00bb global_colors_info=\u00bb{}\u00bb]<\/p>\n<p>PLATINO<\/p>\n<p>[\/et_pb_text][\/et_pb_column][et_pb_column type=\u00bb1_4&#8243; _builder_version=\u00bb4.27.5&#8243; _module_preset=\u00bbdefault\u00bb background_enable_color=\u00bboff\u00bb border_radii=\u00bbon|12px|12px|12px|12px\u00bb global_colors_info=\u00bb{}\u00bb][\/et_pb_column][\/et_pb_row][et_pb_row disabled_on=\u00bbon|on|on\u00bb _builder_version=\u00bb4.27.5&#8243; width=\u00bb93%\u00bb max_width=\u00bb1200px\u00bb disabled=\u00bbon\u00bb locked=\u00bboff\u00bb global_colors_info=\u00bb{}\u00bb][et_pb_column type=\u00bb4_4&#8243; _builder_version=\u00bb4.16&#8243; global_colors_info=\u00bb{}\u00bb][dica_divi_carousel item_width_tablet=\u00bb367px\u00bb item_width_phone=\u00bb332px\u00bb item_width_last_edited=\u00bbon|phone\u00bb centermode=\u00bbon\u00bb loop=\u00bbon\u00bb arrow_nav=\u00bbon\u00bb dot_nav=\u00bbon\u00bb item_spacing=\u00bb25&#8243; equal_height=\u00bbon\u00bb advanced_effect=\u00bb1&#8243; arrow_nav_color=\u00bb#ffffff\u00bb arrow_bg_color=\u00bb#216968&#8243; dots_active_color=\u00bb#187f06&#8243; image_sizing=\u00bb41%\u00bb arrow_position=\u00bbmiddle-outside\u00bb arrow_alignment=\u00bbflex-start\u00bb use_prev_icon=\u00bbon\u00bb prev_icon=\u00bb&#x34;||divi||400&#8243; use_next_icon=\u00bbon\u00bb next_icon=\u00bb&#x35;||divi||400&#8243; carousel_container_margin=\u00bb0px||0px||false|false\u00bb carousel_container_padding=\u00bb0px||0px||false|false\u00bb innercontent_padding=\u00bb||29px||false|false\u00bb item_padding=\u00bb|27px||27px|false|true\u00bb image_container_margin=\u00bb3%||||false|false\u00bb title_padding=\u00bb20px||||false|false\u00bb button_margin=\u00bb||||false|false\u00bb content_container_margin=\u00bb|20px||20px|false|false\u00bb content_container_padding=\u00bb4%|4px|4%|4px|true|true\u00bb social_container_padding=\u00bb||||false|false\u00bb social_item_padding=\u00bb||||false|false\u00bb _builder_version=\u00bb4.27.5&#8243; title_font=\u00bbFira Sans||||||||\u00bb title_text_color=\u00bb#ffffff\u00bb title_font_size=\u00bb23px\u00bb subtitle_font=\u00bbPT Serif|700|on||||||\u00bb subtitle_text_color=\u00bb#ffffff\u00bb subtitle_font_size=\u00bb15px\u00bb body_text_color=\u00bb#ffffff\u00bb background_color_gradient_direction=\u00bb192deg\u00bb custom_margin=\u00bb||||false|false\u00bb custom_padding=\u00bb|0px|0px||false|false\u00bb border_radii_image=\u00bbon|50%|50%|50%|50%\u00bb global_colors_info=\u00bb{}\u00bb][dica_divi_carouselitem button_url_new_window=\u00bb1&#8243; image=\u00bbhttps:\/\/sagg.ar\/congresosagg2026\/wp-content\/uploads\/2026\/03\/logo-footer.svg\u00bb _builder_version=\u00bb4.27.5&#8243; _module_preset=\u00bbdefault\u00bb global_colors_info=\u00bb{}\u00bb][\/dica_divi_carouselitem][dica_divi_carouselitem button_url_new_window=\u00bb1&#8243; image=\u00bbhttps:\/\/sagg.ar\/congresosagg2026\/wp-content\/uploads\/2026\/03\/logo-footer.svg\u00bb _builder_version=\u00bb4.27.5&#8243; _module_preset=\u00bbdefault\u00bb global_colors_info=\u00bb{}\u00bb][\/dica_divi_carouselitem][dica_divi_carouselitem button_url_new_window=\u00bb1&#8243; image=\u00bbhttps:\/\/sagg.ar\/congresosagg2026\/wp-content\/uploads\/2026\/03\/logo-footer.svg\u00bb _builder_version=\u00bb4.27.5&#8243; _module_preset=\u00bbdefault\u00bb global_colors_info=\u00bb{}\u00bb][\/dica_divi_carouselitem][dica_divi_carouselitem button_url_new_window=\u00bb1&#8243; image=\u00bbhttps:\/\/sagg.ar\/congresosagg2026\/wp-content\/uploads\/2026\/03\/logo-footer.svg\u00bb _builder_version=\u00bb4.27.5&#8243; _module_preset=\u00bbdefault\u00bb global_colors_info=\u00bb{}\u00bb][\/dica_divi_carouselitem][dica_divi_carouselitem button_url_new_window=\u00bb1&#8243; image=\u00bbhttps:\/\/sagg.ar\/congresosagg2026\/wp-content\/uploads\/2026\/03\/logo-footer.svg\u00bb _builder_version=\u00bb4.27.5&#8243; _module_preset=\u00bbdefault\u00bb global_colors_info=\u00bb{}\u00bb][\/dica_divi_carouselitem][dica_divi_carouselitem button_url_new_window=\u00bb1&#8243; image=\u00bbhttps:\/\/sagg.ar\/congresosagg2026\/wp-content\/uploads\/2026\/03\/logo-footer.svg\u00bb _builder_version=\u00bb4.27.5&#8243; _module_preset=\u00bbdefault\u00bb global_colors_info=\u00bb{}\u00bb][\/dica_divi_carouselitem][dica_divi_carouselitem button_url_new_window=\u00bb1&#8243; image=\u00bbhttps:\/\/sagg.ar\/congresosagg2026\/wp-content\/uploads\/2026\/03\/logo-footer.svg\u00bb _builder_version=\u00bb4.27.5&#8243; _module_preset=\u00bbdefault\u00bb global_colors_info=\u00bb{}\u00bb][\/dica_divi_carouselitem][\/dica_divi_carousel][\/et_pb_column][\/et_pb_row][\/et_pb_section][et_pb_section fb_built=\u00bb1&#8243; custom_padding_last_edited=\u00bbon|phone\u00bb _builder_version=\u00bb4.27.5&#8243; _module_preset=\u00bbdefault\u00bb background_color=\u00bb#649a99&#8243; custom_padding=\u00bb||189px|||\u00bb custom_padding_tablet=\u00bb||189px|||\u00bb custom_padding_phone=\u00bb||70px||false|false\u00bb bottom_divider_flip=\u00bbvertical\u00bb bottom_divider_height_tablet=\u00bb\u00bb bottom_divider_height_phone=\u00bb42px\u00bb bottom_divider_height_last_edited=\u00bbon|phone\u00bb global_colors_info=\u00bb{}\u00bb][et_pb_row _builder_version=\u00bb4.27.5&#8243; _module_preset=\u00bbdefault\u00bb custom_margin=\u00bb101px|auto|0px|auto|false|false\u00bb custom_margin_tablet=\u00bb101px|auto|0px|auto|false|false\u00bb custom_margin_phone=\u00bb40px||||false|false\u00bb custom_margin_last_edited=\u00bbon|phone\u00bb custom_padding=\u00bb0px||0px||false|false\u00bb border_radii=\u00bboff|24px|24px||\u00bb global_colors_info=\u00bb{}\u00bb][et_pb_column type=\u00bb4_4&#8243; _builder_version=\u00bb4.27.5&#8243; _module_preset=\u00bbdefault\u00bb global_colors_info=\u00bb{}\u00bb][et_pb_image src=\u00bbhttps:\/\/sagg.ar\/congresosagg2026\/wp-content\/uploads\/2026\/04\/sumate.png\u00bb title_text=\u00bbsumate\u00bb _builder_version=\u00bb4.27.5&#8243; _module_preset=\u00bbdefault\u00bb global_colors_info=\u00bb{}\u00bb][\/et_pb_image][\/et_pb_column][\/et_pb_row][et_pb_row column_structure=\u00bb1_2,1_2&#8243; use_custom_gutter=\u00bbon\u00bb gutter_width=\u00bb1&#8243; make_equal=\u00bbon\u00bb _builder_version=\u00bb4.27.5&#8243; _module_preset=\u00bbdefault\u00bb custom_margin=\u00bb0px||0px||false|false\u00bb custom_padding=\u00bb0px||0px||false|false\u00bb border_radii=\u00bboff|||24px|24px\u00bb global_colors_info=\u00bb{}\u00bb][et_pb_column type=\u00bb1_2&#8243; _builder_version=\u00bb4.27.5&#8243; _module_preset=\u00bbdefault\u00bb background_color=\u00bb#FFFFFF\u00bb global_colors_info=\u00bb{}\u00bb][et_pb_text _builder_version=\u00bb4.27.5&#8243; _module_preset=\u00bbdefault\u00bb text_font=\u00bb|700||on|||||\u00bb text_text_color=\u00bb#2f605d\u00bb text_font_size=\u00bb1.3em\u00bb text_orientation=\u00bbcenter\u00bb custom_margin=\u00bb2%||||false|false\u00bb custom_padding=\u00bb3%|6%|3%|6%|true|true\u00bb global_colors_info=\u00bb{}\u00bb]<\/p>\n<p>Dejanos un mensaje para comunicarte con nuestra secretar\u00eda del Congreso<\/p>\n<p>[\/et_pb_text][dvppl_cf7_styler form_padding=\u00bb0px|0px|35px|0px|false|false\u00bb button_alignment=\u00bbright\u00bb cf7=\u00bb104823&#8243; _builder_version=\u00bb4.27.5&#8243; _module_preset=\u00bbdefault\u00bb custom_submit_button=\u00bbon\u00bb submit_button_text_size=\u00bb1.2em\u00bb submit_button_text_color=\u00bb#FFFFFF\u00bb submit_button_bg_color=\u00bb#4c6a41&#8243; submit_button_border_width=\u00bb0px\u00bb submit_button_border_radius=\u00bb10px\u00bb width=\u00bb85%\u00bb width_tablet=\u00bb85%\u00bb width_phone=\u00bb90%\u00bb width_last_edited=\u00bbon|phone\u00bb module_alignment=\u00bbcenter\u00bb custom_padding=\u00bb15px||||false|false\u00bb border_radii_field=\u00bbon|12px|12px|12px|12px\u00bb global_colors_info=\u00bb{}\u00bb][\/dvppl_cf7_styler][\/et_pb_column][et_pb_column type=\u00bb1_2&#8243; _builder_version=\u00bb4.27.5&#8243; _module_preset=\u00bbdefault\u00bb background_color=\u00bb#e9e2d2&#8243; global_colors_info=\u00bb{}\u00bb][et_pb_text _builder_version=\u00bb4.27.5&#8243; _module_preset=\u00bbdefault\u00bb text_font=\u00bb|700||on|||||\u00bb text_text_color=\u00bb#2f605d\u00bb text_font_size=\u00bb1.3em\u00bb text_orientation=\u00bbcenter\u00bb custom_margin=\u00bb2%||||false|false\u00bb custom_padding=\u00bb3%|6%|3%|6%|true|true\u00bb global_colors_info=\u00bb{}\u00bb]<\/p>\n<p>Dejanos un mensaje para comunicarte sobre los Trabajos Cient\u00edficos del Congreso\u00a0<\/p>\n<p>[\/et_pb_text][dvppl_cf7_styler button_alignment=\u00bbright\u00bb cf7=\u00bb104897&#8243; _builder_version=\u00bb4.27.5&#8243; _module_preset=\u00bbdefault\u00bb custom_submit_button=\u00bbon\u00bb submit_button_text_size=\u00bb1.2em\u00bb submit_button_text_color=\u00bb#FFFFFF\u00bb submit_button_bg_color=\u00bb#4c6a41&#8243; submit_button_border_width=\u00bb0px\u00bb submit_button_border_radius=\u00bb10px\u00bb width=\u00bb85%\u00bb width_tablet=\u00bb85%\u00bb width_phone=\u00bb90%\u00bb width_last_edited=\u00bbon|phone\u00bb module_alignment=\u00bbcenter\u00bb custom_padding=\u00bb15px||35px||false|false\u00bb border_radii_field=\u00bbon|12px|12px|12px|12px\u00bb global_colors_info=\u00bb{}\u00bb][\/dvppl_cf7_styler][\/et_pb_column][\/et_pb_row][\/et_pb_section][et_pb_section fb_built=\u00bb1&#8243; _builder_version=\u00bb4.27.5&#8243; _module_preset=\u00bb_initial\u00bb background_image=\u00bbhttps:\/\/sagg.ar\/congresosagg2026\/wp-content\/uploads\/2026\/04\/mdq-scaled.webp\u00bb parallax=\u00bbon\u00bb custom_padding=\u00bb113px||143px|||\u00bb locked=\u00bboff\u00bb collapsed=\u00bbon\u00bb global_colors_info=\u00bb{}\u00bb][et_pb_row _builder_version=\u00bb4.27.5&#8243; _module_preset=\u00bbdefault\u00bb global_colors_info=\u00bb{}\u00bb][et_pb_column type=\u00bb4_4&#8243; _builder_version=\u00bb4.27.5&#8243; _module_preset=\u00bb_initial\u00bb background_color=\u00bb#2f605d\u00bb custom_padding=\u00bb60px|60px|60px|60px|true|true\u00bb custom_padding_tablet=\u00bb30px|30px|30px|30px|true|true\u00bb custom_padding_phone=\u00bb20px|20px|20px|20px|true|true\u00bb custom_padding_last_edited=\u00bbon|tablet\u00bb border_radii=\u00bbon|30px|30px|30px|30px\u00bb global_colors_info=\u00bb{}\u00bb][et_pb_heading title=\u00bb\u00bfQuer\u00e9s ser Patrocinante del XXII Congreso Argentino de Gerontolog\u00eda y Geriatr\u00eda?\u00bb _builder_version=\u00bb4.27.5&#8243; _module_preset=\u00bb_initial\u00bb title_level=\u00bbh3&#8243; title_font=\u00bbUrbanist||||||||\u00bb title_text_align=\u00bbcenter\u00bb title_text_color=\u00bb#FFFFFF\u00bb title_font_size=\u00bb36px\u00bb title_line_height=\u00bb1.2em\u00bb custom_margin=\u00bb||10px||false|false\u00bb title_font_size_tablet=\u00bb24px\u00bb title_font_size_phone=\u00bb18px\u00bb title_font_size_last_edited=\u00bbon|desktop\u00bb global_colors_info=\u00bb{}\u00bb][\/et_pb_heading][dvppl_cf7_styler button_alignment=\u00bbright\u00bb cf7=\u00bb104930&#8243; _builder_version=\u00bb4.27.5&#8243; _module_preset=\u00bbdefault\u00bb labels_text_color=\u00bb#FFFFFF\u00bb custom_submit_button=\u00bbon\u00bb submit_button_text_size=\u00bb1.2em\u00bb submit_button_text_color=\u00bb#FFFFFF\u00bb submit_button_bg_color=\u00bb#78a8a3&#8243; submit_button_border_width=\u00bb0px\u00bb submit_button_border_radius=\u00bb10px\u00bb width=\u00bb85%\u00bb width_tablet=\u00bb85%\u00bb width_phone=\u00bb90%\u00bb width_last_edited=\u00bbon|phone\u00bb module_alignment=\u00bbcenter\u00bb custom_padding=\u00bb15px||35px||false|false\u00bb border_radii_field=\u00bbon|12px|12px|12px|12px\u00bb locked=\u00bboff\u00bb global_colors_info=\u00bb{}\u00bb][\/dvppl_cf7_styler][\/et_pb_column][\/et_pb_row][\/et_pb_section]<\/p>\n","protected":false},"excerpt":{"rendered":"<p>Bienvenidos al XXII Congreso Argentino de Gerontolog\u00eda y Geriatr\u00edaEstimadas y Estimados colegas: Nos emociona abrir las puertas de este nuevo Congreso de Gerontolog\u00eda y Geriatr\u00eda, un espacio donde el encuentro se convierte en aprendizaje y donde la mirada sobre el envejecimiento se enriquece con cada voz. Bajo el lema \u201cEnvejecer en un mundo que cambia: [&hellip;]<\/p>\n","protected":false},"author":2,"featured_media":0,"parent":0,"menu_order":0,"comment_status":"closed","ping_status":"closed","template":"","meta":{"_et_pb_use_builder":"on","_et_pb_old_content":"","_et_gb_content_width":"","inline_featured_image":false,"footnotes":""},"class_list":["post-104625","page","type-page","status-publish","hentry"],"_links":{"self":[{"href":"https:\/\/sagg.ar\/congresosagg2026\/wp-json\/wp\/v2\/pages\/104625","targetHints":{"allow":["GET"]}}],"collection":[{"href":"https:\/\/sagg.ar\/congresosagg2026\/wp-json\/wp\/v2\/pages"}],"about":[{"href":"https:\/\/sagg.ar\/congresosagg2026\/wp-json\/wp\/v2\/types\/page"}],"author":[{"embeddable":true,"href":"https:\/\/sagg.ar\/congresosagg2026\/wp-json\/wp\/v2\/users\/2"}],"replies":[{"embeddable":true,"href":"https:\/\/sagg.ar\/congresosagg2026\/wp-json\/wp\/v2\/comments?post=104625"}],"version-history":[{"count":45,"href":"https:\/\/sagg.ar\/congresosagg2026\/wp-json\/wp\/v2\/pages\/104625\/revisions"}],"predecessor-version":[{"id":104959,"href":"https:\/\/sagg.ar\/congresosagg2026\/wp-json\/wp\/v2\/pages\/104625\/revisions\/104959"}],"wp:attachment":[{"href":"https:\/\/sagg.ar\/congresosagg2026\/wp-json\/wp\/v2\/media?parent=104625"}],"curies":[{"name":"wp","href":"https:\/\/api.w.org\/{rel}","templated":true}]}}